{"id":1246,"date":"2025-08-26T11:54:16","date_gmt":"2025-08-26T09:54:16","guid":{"rendered":"https:\/\/raquelgarciacoach.com\/?page_id=1246"},"modified":"2026-04-07T16:25:55","modified_gmt":"2026-04-07T14:25:55","slug":"clases-de-espanol-precios-en-zug","status":"publish","type":"page","link":"https:\/\/raquelgarciacoach.com\/en\/clases-de-espanol-precios-en-zug\/","title":{"rendered":"Prices of Spanish classes"},"content":{"rendered":"<h1 data-end=\"239\" data-start=\"205\" style=\"text-align: center;\">Clases de espa\u00f1ol: tu plan a medida<\/h1>\n<h1 style=\"text-align: center;\"><span style=\"font-weight: normal;\">Si buscas&nbsp;<b data-index-in-node=\"10\" data-path-to-node=\"11\">clases de espa\u00f1ol online<\/b>&nbsp;o acompa\u00f1amiento presencial en&nbsp;<b data-index-in-node=\"66\" data-path-to-node=\"11\">Zug<\/b>&nbsp;para dominar la&nbsp;<b data-index-in-node=\"86\" data-path-to-node=\"11\">lengua real<\/b>, este es tu espacio. Analizaremos tus objetivos con la lengua espa\u00f1ola de forma personalizada para que progreses con el m\u00e9todo de <b data-index-in-node=\"201\" data-path-to-node=\"11\">espa\u00f1ol real<\/b> que necesitas, est\u00e9s donde est\u00e9s.<\/span><\/h1>\n<p style=\"text-align: center;\">Opci\u00f3n 1: Diagn\u00f3stico por escrito<\/p>\n<h1 style=\"\"><span style=\"font-weight: normal;\"><b data-index-in-node=\"0\" data-path-to-node=\"6,1,0,0\"><span>&nbsp; Ideal si:<\/span><\/b><span>&nbsp;Prefieres reflexionar sobre tus metas en tus&nbsp;<b data-index-in-node=\"55\" data-path-to-node=\"12,0,1,0,0\">clases de espa\u00f1ol<\/b> y recibir una propuesta detallada en tu bandeja de entrada.<\/span><\/span><\/h1>\n<h1 style=\"\"><span style=\"font-weight: normal;\"><span><b data-index-in-node=\"0\" data-path-to-node=\"6,2,0,0\">&nbsp; \u00bfC\u00f3mo funciona?<\/b> Rellena un breve formulario con tus retos actuales y tus objetivos con el idioma. Recibir\u00e1s una respuesta inicial en menos de 24 horas y sin compromiso.<\/span><\/span><\/h1>\n<h1 style=\"\"><em><span style=\"font-weight: normal;\">&nbsp;Recibir\u00e1s una respuesta con una propuesta inicial en menos de 24 horas y sin compromiso.<\/span><\/em><\/h1>\n<p style=\"text-align: center;\">Opci\u00f3n 2: Sesi\u00f3n gratuita de 20 minutos<\/p>\n<h1 style=\"\"><b data-index-in-node=\"0\" data-path-to-node=\"6,1,1,0\">&nbsp; Ideal si:<\/b><span style=\"font-weight: normal;\">Prefieres una primera toma de contacto directa con la profesora para resolver dudas y recibir toda la informaci\u00f3n sobre las <b data-index-in-node=\"87\" data-path-to-node=\"12,1,1,0,0\">clases de espa\u00f1ol<\/b>.<\/span><\/h1>\n<p style=\"\"><b data-index-in-node=\"0\" data-path-to-node=\"6,2,1,0\">&nbsp; \u00bfC\u00f3mo funciona?<\/b><span style=\"font-weight: normal;\">Reserva una cita gratuita en mi agenda para una videollamada de orientaci\u00f3n. Hablaremos sobre tu nivel y c\u00f3mo mi metodolog\u00eda de&nbsp;<b data-index-in-node=\"144\" data-path-to-node=\"12,1,1,1,0\">espa\u00f1ol real<\/b> te ayudar\u00e1 a progresar.<\/span><\/p>\n<p style=\"\"><span style=\"font-weight: normal;\"><em>&nbsp;Hablaremos sobre tu nivel y c\u00f3mo mi metodolog\u00eda puede ayudarte a progresar con solidez.<\/em><\/span><\/p>\n<p>  <span><a href=\"https:\/\/raquelgarciacoach.com\/wp-content\/uploads\/2025\/06\/NEWSLETTER.jpg\" target=\"_blank\"><img decoding=\"async\" alt=\"\" data-id=\"1200\" width=\"226\" data-init-width=\"1080\" height=\"283\" data-init-height=\"1350\" title=\"NEWSLETTER\" loading=\"lazy\" src=\"https:\/\/raquelgarciacoach.com\/wp-content\/uploads\/2025\/06\/NEWSLETTER.jpg\" data-link-wrap=\"true\" data-width=\"226\" data-height=\"283\" style=\"aspect-ratio: auto 1080 \/ 1350;\"><\/a><\/span><\/p>\n<p data-path-to-node=\"4,0\" style=\"text-align: center;\"><b data-index-in-node=\"0\" data-path-to-node=\"4,0\">De camino a Espa\u00f1a<span style=\"font-weight: normal;\"><br data-start=\"302\" data-end=\"305\">\u00bfSabes espa\u00f1ol pero te cuesta hablar?<br data-start=\"959\" data-end=\"962\">Cada dos semanas, un email con cultura y espa\u00f1ol real.<\/span><\/b><\/p>\n<p>__CONFIG_colors_palette__{&#8220;active_palette&#8221;:0,&#8221;config&#8221;:{&#8220;colors&#8221;:{&#8220;4d9a4&#8221;:{&#8220;name&#8221;:&#8221;Main Accent&#8221;,&#8221;parent&#8221;:-1},&#8221;77c5e&#8221;:{&#8220;name&#8221;:&#8221;Accent Low Opacity&#8221;,&#8221;parent&#8221;:&#8221;4d9a4&#8243;}},&#8221;gradients&#8221;:[]},&#8221;palettes&#8221;:[{&#8220;name&#8221;:&#8221;Default&#8221;,&#8221;value&#8221;:{&#8220;colors&#8221;:{&#8220;4d9a4&#8221;:{&#8220;val&#8221;:&#8221;var(&#8211;tcb-skin-color-0)&#8221;},&#8221;77c5e&#8221;:{&#8220;val&#8221;:&#8221;rgba(123, 209, 203, 0.5)&#8221;,&#8221;hsl_parent_dependency&#8221;:{&#8220;h&#8221;:176,&#8221;l&#8221;:0.65,&#8221;s&#8221;:0.48}}},&#8221;gradients&#8221;:[]},&#8221;original&#8221;:{&#8220;colors&#8221;:{&#8220;4d9a4&#8221;:{&#8220;val&#8221;:&#8221;rgb(47, 138, 229)&#8221;,&#8221;hsl&#8221;:{&#8220;h&#8221;:210,&#8221;s&#8221;:0.77,&#8221;l&#8221;:0.54,&#8221;a&#8221;:1}},&#8221;77c5e&#8221;:{&#8220;val&#8221;:&#8221;rgba(47, 138, 229, 0.5)&#8221;,&#8221;hsl_parent_dependency&#8221;:{&#8220;h&#8221;:210,&#8221;s&#8221;:0.77,&#8221;l&#8221;:0.54,&#8221;a&#8221;:0.5}}},&#8221;gradients&#8221;:[]}}]}__CONFIG_colors_palette__    Nombre*  Email*   Aviso legal   __CONFIG_colors_palette__{&#8220;active_palette&#8221;:0,&#8221;config&#8221;:{&#8220;colors&#8221;:{&#8220;30800&#8221;:{&#8220;name&#8221;:&#8221;Main Accent&#8221;,&#8221;parent&#8221;:-1},&#8221;f2bba&#8221;:{&#8220;name&#8221;:&#8221;Main Light 10&#8243;,&#8221;parent&#8221;:&#8221;30800&#8243;},&#8221;trewq&#8221;:{&#8220;name&#8221;:&#8221;Main Light 30&#8243;,&#8221;parent&#8221;:&#8221;30800&#8243;},&#8221;frty6&#8243;:{&#8220;name&#8221;:&#8221;Main Light 45&#8243;,&#8221;parent&#8221;:&#8221;30800&#8243;},&#8221;flktr&#8221;:{&#8220;name&#8221;:&#8221;Main Light 80&#8243;,&#8221;parent&#8221;:&#8221;30800&#8243;}},&#8221;gradients&#8221;:[]},&#8221;palettes&#8221;:[{&#8220;name&#8221;:&#8221;Default&#8221;,&#8221;value&#8221;:{&#8220;colors&#8221;:{&#8220;30800&#8221;:{&#8220;val&#8221;:&#8221;var(&#8211;tcb-local-color-4d9a4)&#8221;,&#8221;hsl&#8221;:{&#8220;h&#8221;:0,&#8221;s&#8221;:0,&#8221;l&#8221;:0,&#8221;a&#8221;:1}},&#8221;f2bba&#8221;:{&#8220;val&#8221;:&#8221;rgba(253, 59, 59, 0.1)&#8221;,&#8221;hsl_parent_dependency&#8221;:{&#8220;h&#8221;:0,&#8221;s&#8221;:0.9797979797979799,&#8221;l&#8221;:0.611764705882353,&#8221;a&#8221;:0.1}},&#8221;trewq&#8221;:{&#8220;val&#8221;:&#8221;rgba(253, 59, 59, 0.3)&#8221;,&#8221;hsl_parent_dependency&#8221;:{&#8220;h&#8221;:0,&#8221;s&#8221;:0.9797979797979799,&#8221;l&#8221;:0.611764705882353,&#8221;a&#8221;:0.3}},&#8221;frty6&#8243;:{&#8220;val&#8221;:&#8221;rgba(253, 59, 59, 0.45)&#8221;,&#8221;hsl_parent_dependency&#8221;:{&#8220;h&#8221;:0,&#8221;s&#8221;:0.9797979797979799,&#8221;l&#8221;:0.611764705882353,&#8221;a&#8221;:0.45}},&#8221;flktr&#8221;:{&#8220;val&#8221;:&#8221;rgba(253, 59, 59, 0.8)&#8221;,&#8221;hsl_parent_dependency&#8221;:{&#8220;h&#8221;:0,&#8221;s&#8221;:0.9797979797979799,&#8221;l&#8221;:0.611764705882353,&#8221;a&#8221;:0.8}}},&#8221;gradients&#8221;:[]},&#8221;original&#8221;:{&#8220;colors&#8221;:{&#8220;30800&#8221;:{&#8220;val&#8221;:&#8221;rgb(59, 136, 253)&#8221;,&#8221;hsl&#8221;:{&#8220;h&#8221;:216,&#8221;s&#8221;:0.98,&#8221;l&#8221;:0.61}},&#8221;f2bba&#8221;:{&#8220;val&#8221;:&#8221;rgba(59, 136, 253, 0.1)&#8221;,&#8221;hsl_parent_dependency&#8221;:{&#8220;h&#8221;:216,&#8221;s&#8221;:0.98,&#8221;l&#8221;:0.61,&#8221;a&#8221;:0.1}},&#8221;trewq&#8221;:{&#8220;val&#8221;:&#8221;rgba(59, 136, 253, 0.3)&#8221;,&#8221;hsl_parent_dependency&#8221;:{&#8220;h&#8221;:216,&#8221;s&#8221;:0.98,&#8221;l&#8221;:0.61,&#8221;a&#8221;:0.3}},&#8221;frty6&#8243;:{&#8220;val&#8221;:&#8221;rgba(59, 136, 253,ntttt0.45)&#8221;,&#8221;hsl_parent_dependency&#8221;:{&#8220;h&#8221;:216,&#8221;s&#8221;:0.98,&#8221;l&#8221;:0.61,&#8221;a&#8221;:0.45}},&#8221;flktr&#8221;:{&#8220;val&#8221;:&#8221;rgba(59, 136, 253, 0.8)&#8221;,&#8221;hsl_parent_dependency&#8221;:{&#8220;h&#8221;:216,&#8221;s&#8221;:0.98,&#8221;l&#8221;:0.61,&#8221;a&#8221;:0.8}}},&#8221;gradients&#8221;:[]}}]}__CONFIG_colors_palette__   <span style=\"\">  <\/span> <span> <span>&nbsp; Acepto recibir contenido de lengua y cultura cada dos semanas de acuerdo con la <\/span> <span data-attr-id=\"6\" data-extra_key=\"2\" data-option-inline=\"1\" data-shortcode=\"thrive_global_fields\" data-shortcode-name=\"[Legal] Privacy policy\" data-attr-static-link=\"{&quot;className&quot;:&quot;&quot;,&quot;href&quot;:&quot;https:\/\/raquelgarciacoach.com\/politica-de-privacidad&quot;,&quot;target&quot;:&quot;&quot;,&quot;class&quot;:&quot;&quot;}\"><a href=\"https:\/\/raquelgarciacoach.com\/politica-de-privacidad\" target=\"\">Pol\u00edtica de privacidad<\/a><\/span> <\/span>     __CONFIG_colors_palette__{&#8220;active_palette&#8221;:0,&#8221;config&#8221;:{&#8220;colors&#8221;:{&#8220;dffbe&#8221;:{&#8220;name&#8221;:&#8221;Main Accent&#8221;,&#8221;parent&#8221;:-1}},&#8221;gradients&#8221;:[]},&#8221;palettes&#8221;:[{&#8220;name&#8221;:&#8221;Default Palette&#8221;,&#8221;value&#8221;:{&#8220;colors&#8221;:{&#8220;dffbe&#8221;:{&#8220;val&#8221;:&#8221;var(&#8211;tcb-local-color-4d9a4)&#8221;}},&#8221;gradients&#8221;:[]},&#8221;original&#8221;:{&#8220;colors&#8221;:{&#8220;dffbe&#8221;:{&#8220;val&#8221;:&#8221;rgb(19, 114, 211)&#8221;,&#8221;hsl&#8221;:{&#8220;h&#8221;:210,&#8221;s&#8221;:0.83,&#8221;l&#8221;:0.45}}},&#8221;gradients&#8221;:[]}}]}__CONFIG_colors_palette__ <a href=\"#\" style=\"\"> <span><span style=\"color: var(--tcb-skin-color-4) !important; --tcb-applied-color: var$(--tcb-skin-color-4) !important;\">Quiero descubrir el espa\u00f1ol real<\/span><\/span> <\/a>         <\/p>\n","protected":false},"excerpt":{"rendered":"<p>Clases de espa\u00f1ol: tu plan a medida Si buscas&nbsp;clases de espa\u00f1ol online&nbsp;o acompa\u00f1amiento presencial en&nbsp;Zug&nbsp;para dominar la&nbsp;lengua real, este es tu espacio. Analizaremos tus objetivos con la lengua espa\u00f1ola de forma personalizada para que progreses con el m\u00e9todo de espa\u00f1ol real que necesitas, est\u00e9s donde est\u00e9s. Opci\u00f3n 1: Diagn\u00f3stico por escrito &nbsp; Ideal si:&nbsp;Prefieres reflexionar [&hellip;]<\/p>\n","protected":false},"author":14,"featured_media":0,"parent":0,"menu_order":0,"comment_status":"closed","ping_status":"closed","template":"","meta":{"footnotes":""},"class_list":["post-1246","page","type-page","status-publish","hentry","post-wrapper","thrv_wrapper"],"_links":{"self":[{"href":"https:\/\/raquelgarciacoach.com\/en\/wp-json\/wp\/v2\/pages\/1246","targetHints":{"allow":["GET"]}}],"collection":[{"href":"https:\/\/raquelgarciacoach.com\/en\/wp-json\/wp\/v2\/pages"}],"about":[{"href":"https:\/\/raquelgarciacoach.com\/en\/wp-json\/wp\/v2\/types\/page"}],"author":[{"embeddable":true,"href":"https:\/\/raquelgarciacoach.com\/en\/wp-json\/wp\/v2\/users\/14"}],"replies":[{"embeddable":true,"href":"https:\/\/raquelgarciacoach.com\/en\/wp-json\/wp\/v2\/comments?post=1246"}],"version-history":[{"count":41,"href":"https:\/\/raquelgarciacoach.com\/en\/wp-json\/wp\/v2\/pages\/1246\/revisions"}],"predecessor-version":[{"id":1645,"href":"https:\/\/raquelgarciacoach.com\/en\/wp-json\/wp\/v2\/pages\/1246\/revisions\/1645"}],"wp:attachment":[{"href":"https:\/\/raquelgarciacoach.com\/en\/wp-json\/wp\/v2\/media?parent=1246"}],"curies":[{"name":"wp","href":"https:\/\/api.w.org\/{rel}","templated":true}]}}