{"id":151,"date":"2021-09-30T12:19:50","date_gmt":"2021-09-30T10:19:50","guid":{"rendered":"https:\/\/raquelgarciacoach.com\/?page_id=151"},"modified":"2026-04-05T06:25:17","modified_gmt":"2026-04-05T04:25:17","slug":"aprendizaje-de-espanol-neurociencia-coaching","status":"publish","type":"page","link":"https:\/\/raquelgarciacoach.com\/en\/aprendizaje-de-espanol-neurociencia-coaching\/","title":{"rendered":"Coaching sessions"},"content":{"rendered":"<h1 style=\"\">Un espa\u00f1ol que se adapta a ti:<\/h1>\n<h1 style=\"\">con neurociencia, coaching y acompa\u00f1amiento.<\/h1>\n<h2 data-end=\"627\" data-start=\"422\" style=\"\"><span style=\"font-weight: normal;\">Aprender espa\u00f1ol no es solo estudiar gram\u00e1tica o memorizar palabras.<br data-start=\"490\" data-end=\"493\">En mis sesiones, usamos lo que sabemos sobre c\u00f3mo aprende el cerebro para ayudarte a avanzar con m\u00e1s claridad, seguridad y motivaci\u00f3n.<\/span><\/h2>\n<h2 data-end=\"909\" data-start=\"629\" style=\"\"><span style=\"font-weight: normal;\">A trav\u00e9s del Neurolanguage Coaching, creamos juntas un plan que se adapta a ti: a tu ritmo, a tus objetivos y a tu forma de aprender.<br data-start=\"762\" data-end=\"765\">As\u00ed, el espa\u00f1ol se convierte en una herramienta para vivir mejor tu experiencia en Espa\u00f1a y expresarte con naturalidad, sin miedo a equivocarte.<\/span><\/h2>\n<p><span><a href=\"https:\/\/raquelgarciacoach.com\/wp-content\/uploads\/2025\/01\/Online-Spanischunterricht.webp\" target=\"_blank\"><img decoding=\"async\" alt=\"Spanisch lernen f\u00fcr das Leben\" data-id=\"1033\" width=\"307\" data-init-width=\"1536\" height=\"384\" data-init-height=\"1920\" title=\"Online Spanischunterricht\" loading=\"lazy\" src=\"https:\/\/raquelgarciacoach.com\/wp-content\/uploads\/2025\/01\/Online-Spanischunterricht.webp\" data-width=\"307\" data-link-wrap=\"true\" style=\"aspect-ratio: auto 1536 \/ 1920;\" data-height=\"384\"><\/a><\/span><\/p>\n<h3 style=\"text-align: center;\">\u00bfTe identificas con estas situaciones?<\/h3>\n<ul style=\"\">\n<li style=\"\"><span style=\"\"><span style=\"\">La gram\u00e1tica espa\u00f1ola me resulta muy confusa y dif\u00edcil de usar correctamente en mis conversaciones.<\/span><\/span><\/li>\n<li style=\"\"><span style=\"\">No veo progreso en mi nivel de espa\u00f1ol a pesar de estudiar mucho, eso me frustra.<\/span><\/li>\n<li style=\"\"><span style=\"\">No tengo suficiente vocabulario para expresarme en situaciones diarias y eso me hace sentir inseguro.<\/span><\/li>\n<li style=\"\"><span style=\"\">He perdido la motivaci\u00f3n para estudiar espa\u00f1ol y me cuesta mantener el inter\u00e9s y la constancia.<\/span><\/li>\n<li style=\"\"><span style=\"\">Siento nerviosismo y ansiedad al hablar en espa\u00f1ol con nativos, me da miedo cometer errores.<\/span><\/li>\n<\/ul>\n<h1 dir=\"ltr\" style=\"text-align: center;\"><strong>\u00bfQu\u00e9 es el Neurolanguage Coaching?<\/strong><\/h1>\n<p style=\"\"><span style=\"font-weight: normal;\">Neurolanguage Coaching\u00ae es una metodolog\u00eda innovadora que combina la neurociencia y el coaching para maximizar el aprendizaje de idiomas. Este enfoque se basa en c\u00f3mo funciona el cerebro para facilitar una adquisici\u00f3n de la lengua m\u00e1s eficiente y efectiva. Al integrar t\u00e9cnicas de coaching, el Neurolanguage Coaching\u00ae se centra en las necesidades individuales del estudiante, creando un plan de estudio personalizado que se adapta a su estilo de aprendizaje, intereses y objetivos.<\/span><\/p>\n<p style=\"\"><span style=\"font-weight: normal; font-size: 17px !important;\">Algunas caracter\u00edsticas clave del Neurolanguage Coaching\u00ae son:<\/span><\/p>\n<ol>\n<li style=\"\"><span style=\"font-size: 17px !important;\"><span style=\"font-weight: normal;\">Personalizaci\u00f3n: cada sesi\u00f3n est\u00e1 dise\u00f1ada espec\u00edficamente para el estudiante, teniendo en cuenta sus fortalezas, debilidades y preferencias.<\/span><\/span><\/li>\n<li style=\"\"><span style=\"font-size: 17px !important;\"><span style=\"font-weight: normal;\">Neurociencia: utiliza conocimientos cient\u00edficos sobre c\u00f3mo aprende el cerebro para optimizar la retenci\u00f3n y comprensi\u00f3n del idioma.<\/span><\/span><\/li>\n<li style=\"\"><span style=\"font-size: 17px !important;\"><span style=\"font-weight: normal;\">Motivaci\u00f3n y empoderamiento: las t\u00e9cnicas de coaching ayudan a mantener alta la motivaci\u00f3n del estudiante, empoder\u00e1ndolo para tomar control de su propio aprendizaje.<\/span><\/span><\/li>\n<li style=\"\"><span style=\"font-size: 17px !important;\"><span style=\"font-weight: normal;\">Resultados medibles: se eval\u00faan constantemente los progresos para ajustar y mejorar el plan de estudio, asegurando que se alcancen las metas ling\u00fc\u00edsticas del estudiante.<\/span><\/span><\/li>\n<li style=\"\"><span style=\"font-weight: normal; font-size: 17px !important;\">Reducci\u00f3n del estr\u00e9s: se aplican estrategias para crear un ambiente de aprendizaje relajado y libre de estr\u00e9s, favoreciendo una mejor absorci\u00f3n del conocimiento.<\/span><\/li>\n<\/ol>\n<p><span><a href=\"https:\/\/raquelgarciacoach.com\/wp-content\/uploads\/2025\/02\/Neurolanguagecoaching.png\" target=\"_blank\"><img decoding=\"async\" alt=\"Diferencias entre Neurolanguage coaching y ense\u00f1anza tradicional.\" data-id=\"1089\" width=\"588\" data-init-width=\"1024\" height=\"441\" data-init-height=\"768\" title=\"Neurolanguagecoaching\" loading=\"lazy\" src=\"https:\/\/raquelgarciacoach.com\/wp-content\/uploads\/2025\/02\/Neurolanguagecoaching.png\" data-link-wrap=\"true\" data-width=\"588\" data-height=\"441\" style=\"aspect-ratio: auto 1024 \/ 768;\"><\/a><\/span><\/p>\n<p>Diferencias entre neurolanguage coaching y ense\u00f1anza tradicional<\/p>\n<h2 style=\"text-align: center;\">Aprender una lengua puede ser un desaf\u00edo, pero con el enfoque adecuado y t\u00e9cnicas innovadoras, podr\u00e1s dominar el espa\u00f1ol de manera efectiva y disfrutar del proceso.<\/h2>\n<h2 style=\"text-align: center;\">Con tu plan de estudio personalizado vas a:<\/h2>\n<ul>\n<li><span style=\"\"><strong>Mejorar tu fluidez: <\/strong>utilizaremos t\u00e9cnicas de Neurolanguage Coaching para practicar conversaci\u00f3n y comprensi\u00f3n auditiva, ganando confianza y naturalidad al hablar espa\u00f1ol.<\/span><\/li>\n<li><span style=\"\">&nbsp;<strong>Dominar la gram\u00e1tica:<\/strong> aprender\u00e1s reglas gramaticales de manera intuitiva y efectiva, utilizando m\u00e9todos basados en neurociencia para adaptarse a tu estilo de aprendizaje.<\/span><\/li>\n<li><span style=\"\"><b>Ampliar tu vocabulario<\/b>: aprender\u00e1s nuevas palabras y expresiones mediante estrategias cognitivas que facilitan la retenci\u00f3n y el uso pr\u00e1ctico del vocabulario.<\/span><\/li>\n<\/ul>\n<ul>\n<li><span style=\"\"><strong>Fortalecer tu pronunciaci\u00f3n<\/strong>: <span style=\"font-weight: normal;\">trabajaremos tu acento y entonaci\u00f3n usando t\u00e9cnicas espec\u00edficas de coaching que mejoran tu precisi\u00f3n y claridad al hablar. <\/span><\/span><\/li>\n<li><span style=\"\"><strong>Mantener tu motivaci\u00f3n<\/strong>: <span style=\"font-weight: normal;\">estableceremos objetivos para lograr tus metas ling\u00fc\u00edsticas, manteniendo un alto nivel de motivaci\u00f3n y compromiso durante todo el proceso de aprendizaje.<\/span><\/span><\/li>\n<\/ul>\n<h5 style=\"text-align: center;\">Sesiones individuales personalizadas&nbsp;<\/h5>\n<p style=\"\">Mis sesiones individuales est\u00e1n dise\u00f1adas espec\u00edficamente para ti. Realizamos una evaluaci\u00f3n inicial para conocer tu nivel, tus objetivos y tu estilo de aprendizaje. A partir de ah\u00ed, creo un plan de estudio \u00fanico que se ajusta a tus intereses y metas, utilizando un enfoque basado en Neurolanguage Coaching\u00ae. Adapto cada sesi\u00f3n seg\u00fan tu progreso, ofreciendo seguimiento continuo y apoyo personalizado para mantenerte motivado. Adem\u00e1s, tendr\u00e1s acceso a recursos exclusivos dise\u00f1ados para maximizar tu comprensi\u00f3n y retenci\u00f3n del espa\u00f1ol.<\/p>\n<h5 style=\"text-align: center;\">Sesiones en grupos reducidos<\/h5>\n<p style=\"\"><span style=\"font-weight: normal;\">Las sesiones en grupos reducidos son una experiencia de aprendizaje colaborativa y personalizada. Estas sesiones est\u00e1n dise\u00f1adas para que los participantes se beneficien tanto del enfoque individualizado como de la din\u00e1mica de grupo. Evaluamos el nivel y los objetivos de cada miembro para crear un plan de estudio que se ajuste a las necesidades del grupo. Utilizo t\u00e9cnicas de Neurolanguage Coaching\u00ae y principios de neurociencia para asegurar que cada sesi\u00f3n sea efectiva y motivadora.<\/span><\/p>\n<p style=\"\"><span style=\"font-weight: normal;\">La interacci\u00f3n entre los miembros del grupo fomenta un ambiente de apoyo y aprendizaje mutuo, donde todos pueden practicar y mejorar sus habilidades en espa\u00f1ol. Adem\u00e1s, proporciono seguimiento continuo y recursos exclusivos para maximizar la comprensi\u00f3n y retenci\u00f3n del idioma. Estas sesiones son ideales para quienes buscan aprender espa\u00f1ol en un entorno colaborativo y estimulante.<\/span><\/p>\n<h2 style=\"text-align: center;\">Reserva aqu\u00ed tu sesi\u00f3n informativa gratuita<\/h2>\n<p style=\"line-height: 1.75em !important;\">En esta primera sesi\u00f3n, nos conoceremos y discutiremos tus objetivos de aprendizaje del espa\u00f1ol. Evaluaremos tu nivel actual y tus necesidades espec\u00edficas para poder dise\u00f1ar un plan de estudio personalizado. Te explicar\u00e9 c\u00f3mo utilizo t\u00e9cnicas de Neurolanguage Coaching\u00ae y principios de neurociencia para hacer el aprendizaje m\u00e1s efectivo y motivador. Tambi\u00e9n podr\u00e1s hacer cualquier pregunta que tengas sobre el proceso y los m\u00e9todos que utilizo. Esta sesi\u00f3n es una oportunidad para asegurarnos de que mis servicios se ajustan perfectamente a tus metas y expectativas.<\/p>\n<h2 style=\"text-align: center;\">Preguntas frecuentes<\/h2>\n<h3 style=\"\">Reserva aqu\u00ed tu sesi\u00f3n informativa gratuita<\/h3>\n<p>  <span><a href=\"https:\/\/raquelgarciacoach.com\/wp-content\/uploads\/2025\/06\/NEWSLETTER.jpg\" target=\"_blank\"><img decoding=\"async\" alt=\"\" data-id=\"1200\" width=\"226\" data-init-width=\"1080\" height=\"283\" data-init-height=\"1350\" title=\"NEWSLETTER\" loading=\"lazy\" src=\"https:\/\/raquelgarciacoach.com\/wp-content\/uploads\/2025\/06\/NEWSLETTER.jpg\" data-link-wrap=\"true\" data-width=\"226\" data-height=\"283\" style=\"aspect-ratio: auto 1080 \/ 1350;\"><\/a><\/span><\/p>\n<p data-path-to-node=\"4,0\" style=\"text-align: center;\"><b data-index-in-node=\"0\" data-path-to-node=\"4,0\">De camino a Espa\u00f1a<span style=\"font-weight: normal;\"><br data-start=\"302\" data-end=\"305\">\u00bfSabes espa\u00f1ol pero te cuesta hablar?<br data-start=\"959\" data-end=\"962\">Cada dos semanas, un email con cultura y espa\u00f1ol real.<\/span><\/b><\/p>\n<p>__CONFIG_colors_palette__{&#8220;active_palette&#8221;:0,&#8221;config&#8221;:{&#8220;colors&#8221;:{&#8220;4d9a4&#8221;:{&#8220;name&#8221;:&#8221;Main Accent&#8221;,&#8221;parent&#8221;:-1},&#8221;77c5e&#8221;:{&#8220;name&#8221;:&#8221;Accent Low Opacity&#8221;,&#8221;parent&#8221;:&#8221;4d9a4&#8243;}},&#8221;gradients&#8221;:[]},&#8221;palettes&#8221;:[{&#8220;name&#8221;:&#8221;Default&#8221;,&#8221;value&#8221;:{&#8220;colors&#8221;:{&#8220;4d9a4&#8221;:{&#8220;val&#8221;:&#8221;var(&#8211;tcb-skin-color-0)&#8221;},&#8221;77c5e&#8221;:{&#8220;val&#8221;:&#8221;rgba(123, 209, 203, 0.5)&#8221;,&#8221;hsl_parent_dependency&#8221;:{&#8220;h&#8221;:176,&#8221;l&#8221;:0.65,&#8221;s&#8221;:0.48}}},&#8221;gradients&#8221;:[]},&#8221;original&#8221;:{&#8220;colors&#8221;:{&#8220;4d9a4&#8221;:{&#8220;val&#8221;:&#8221;rgb(47, 138, 229)&#8221;,&#8221;hsl&#8221;:{&#8220;h&#8221;:210,&#8221;s&#8221;:0.77,&#8221;l&#8221;:0.54,&#8221;a&#8221;:1}},&#8221;77c5e&#8221;:{&#8220;val&#8221;:&#8221;rgba(47, 138, 229, 0.5)&#8221;,&#8221;hsl_parent_dependency&#8221;:{&#8220;h&#8221;:210,&#8221;s&#8221;:0.77,&#8221;l&#8221;:0.54,&#8221;a&#8221;:0.5}}},&#8221;gradients&#8221;:[]}}]}__CONFIG_colors_palette__    Nombre*  Email*   Aviso legal   __CONFIG_colors_palette__{&#8220;active_palette&#8221;:0,&#8221;config&#8221;:{&#8220;colors&#8221;:{&#8220;30800&#8221;:{&#8220;name&#8221;:&#8221;Main Accent&#8221;,&#8221;parent&#8221;:-1},&#8221;f2bba&#8221;:{&#8220;name&#8221;:&#8221;Main Light 10&#8243;,&#8221;parent&#8221;:&#8221;30800&#8243;},&#8221;trewq&#8221;:{&#8220;name&#8221;:&#8221;Main Light 30&#8243;,&#8221;parent&#8221;:&#8221;30800&#8243;},&#8221;frty6&#8243;:{&#8220;name&#8221;:&#8221;Main Light 45&#8243;,&#8221;parent&#8221;:&#8221;30800&#8243;},&#8221;flktr&#8221;:{&#8220;name&#8221;:&#8221;Main Light 80&#8243;,&#8221;parent&#8221;:&#8221;30800&#8243;}},&#8221;gradients&#8221;:[]},&#8221;palettes&#8221;:[{&#8220;name&#8221;:&#8221;Default&#8221;,&#8221;value&#8221;:{&#8220;colors&#8221;:{&#8220;30800&#8221;:{&#8220;val&#8221;:&#8221;var(&#8211;tcb-local-color-4d9a4)&#8221;,&#8221;hsl&#8221;:{&#8220;h&#8221;:0,&#8221;s&#8221;:0,&#8221;l&#8221;:0,&#8221;a&#8221;:1}},&#8221;f2bba&#8221;:{&#8220;val&#8221;:&#8221;rgba(253, 59, 59, 0.1)&#8221;,&#8221;hsl_parent_dependency&#8221;:{&#8220;h&#8221;:0,&#8221;s&#8221;:0.9797979797979799,&#8221;l&#8221;:0.611764705882353,&#8221;a&#8221;:0.1}},&#8221;trewq&#8221;:{&#8220;val&#8221;:&#8221;rgba(253, 59, 59, 0.3)&#8221;,&#8221;hsl_parent_dependency&#8221;:{&#8220;h&#8221;:0,&#8221;s&#8221;:0.9797979797979799,&#8221;l&#8221;:0.611764705882353,&#8221;a&#8221;:0.3}},&#8221;frty6&#8243;:{&#8220;val&#8221;:&#8221;rgba(253, 59, 59, 0.45)&#8221;,&#8221;hsl_parent_dependency&#8221;:{&#8220;h&#8221;:0,&#8221;s&#8221;:0.9797979797979799,&#8221;l&#8221;:0.611764705882353,&#8221;a&#8221;:0.45}},&#8221;flktr&#8221;:{&#8220;val&#8221;:&#8221;rgba(253, 59, 59, 0.8)&#8221;,&#8221;hsl_parent_dependency&#8221;:{&#8220;h&#8221;:0,&#8221;s&#8221;:0.9797979797979799,&#8221;l&#8221;:0.611764705882353,&#8221;a&#8221;:0.8}}},&#8221;gradients&#8221;:[]},&#8221;original&#8221;:{&#8220;colors&#8221;:{&#8220;30800&#8221;:{&#8220;val&#8221;:&#8221;rgb(59, 136, 253)&#8221;,&#8221;hsl&#8221;:{&#8220;h&#8221;:216,&#8221;s&#8221;:0.98,&#8221;l&#8221;:0.61}},&#8221;f2bba&#8221;:{&#8220;val&#8221;:&#8221;rgba(59, 136, 253, 0.1)&#8221;,&#8221;hsl_parent_dependency&#8221;:{&#8220;h&#8221;:216,&#8221;s&#8221;:0.98,&#8221;l&#8221;:0.61,&#8221;a&#8221;:0.1}},&#8221;trewq&#8221;:{&#8220;val&#8221;:&#8221;rgba(59, 136, 253, 0.3)&#8221;,&#8221;hsl_parent_dependency&#8221;:{&#8220;h&#8221;:216,&#8221;s&#8221;:0.98,&#8221;l&#8221;:0.61,&#8221;a&#8221;:0.3}},&#8221;frty6&#8243;:{&#8220;val&#8221;:&#8221;rgba(59, 136, 253,ntttt0.45)&#8221;,&#8221;hsl_parent_dependency&#8221;:{&#8220;h&#8221;:216,&#8221;s&#8221;:0.98,&#8221;l&#8221;:0.61,&#8221;a&#8221;:0.45}},&#8221;flktr&#8221;:{&#8220;val&#8221;:&#8221;rgba(59, 136, 253, 0.8)&#8221;,&#8221;hsl_parent_dependency&#8221;:{&#8220;h&#8221;:216,&#8221;s&#8221;:0.98,&#8221;l&#8221;:0.61,&#8221;a&#8221;:0.8}}},&#8221;gradients&#8221;:[]}}]}__CONFIG_colors_palette__   <span style=\"\">  <\/span> <span> <span>&nbsp; Acepto recibir contenido de lengua y cultura cada dos semanas de acuerdo con la <\/span> <span data-attr-id=\"6\" data-extra_key=\"2\" data-option-inline=\"1\" data-shortcode=\"thrive_global_fields\" data-shortcode-name=\"[Legal] Privacy policy\" data-attr-static-link=\"{&quot;className&quot;:&quot;&quot;,&quot;href&quot;:&quot;https:\/\/raquelgarciacoach.com\/politica-de-privacidad&quot;,&quot;target&quot;:&quot;&quot;,&quot;class&quot;:&quot;&quot;}\"><a href=\"https:\/\/raquelgarciacoach.com\/politica-de-privacidad\" target=\"\">Pol\u00edtica de privacidad<\/a><\/span> <\/span>     __CONFIG_colors_palette__{&#8220;active_palette&#8221;:0,&#8221;config&#8221;:{&#8220;colors&#8221;:{&#8220;dffbe&#8221;:{&#8220;name&#8221;:&#8221;Main Accent&#8221;,&#8221;parent&#8221;:-1}},&#8221;gradients&#8221;:[]},&#8221;palettes&#8221;:[{&#8220;name&#8221;:&#8221;Default Palette&#8221;,&#8221;value&#8221;:{&#8220;colors&#8221;:{&#8220;dffbe&#8221;:{&#8220;val&#8221;:&#8221;var(&#8211;tcb-local-color-4d9a4)&#8221;}},&#8221;gradients&#8221;:[]},&#8221;original&#8221;:{&#8220;colors&#8221;:{&#8220;dffbe&#8221;:{&#8220;val&#8221;:&#8221;rgb(19, 114, 211)&#8221;,&#8221;hsl&#8221;:{&#8220;h&#8221;:210,&#8221;s&#8221;:0.83,&#8221;l&#8221;:0.45}}},&#8221;gradients&#8221;:[]}}]}__CONFIG_colors_palette__ <a href=\"#\" style=\"\"> <span><span style=\"color: var(--tcb-skin-color-4) !important; --tcb-applied-color: var$(--tcb-skin-color-4) !important;\">Quiero descubrir el espa\u00f1ol real<\/span><\/span> <\/a>         <\/p>\n","protected":false},"excerpt":{"rendered":"<p>Un espa\u00f1ol que se adapta a ti: con neurociencia, coaching y acompa\u00f1amiento. Aprender espa\u00f1ol no es solo estudiar gram\u00e1tica o memorizar palabras.En mis sesiones, usamos lo que sabemos sobre c\u00f3mo aprende el cerebro para ayudarte a avanzar con m\u00e1s claridad, seguridad y motivaci\u00f3n. A trav\u00e9s del Neurolanguage Coaching, creamos juntas un plan que se adapta [&hellip;]<\/p>\n","protected":false},"author":14,"featured_media":0,"parent":0,"menu_order":0,"comment_status":"closed","ping_status":"closed","template":"","meta":{"footnotes":""},"class_list":["post-151","page","type-page","status-publish","hentry","post-wrapper","thrv_wrapper"],"_links":{"self":[{"href":"https:\/\/raquelgarciacoach.com\/en\/wp-json\/wp\/v2\/pages\/151","targetHints":{"allow":["GET"]}}],"collection":[{"href":"https:\/\/raquelgarciacoach.com\/en\/wp-json\/wp\/v2\/pages"}],"about":[{"href":"https:\/\/raquelgarciacoach.com\/en\/wp-json\/wp\/v2\/types\/page"}],"author":[{"embeddable":true,"href":"https:\/\/raquelgarciacoach.com\/en\/wp-json\/wp\/v2\/users\/14"}],"replies":[{"embeddable":true,"href":"https:\/\/raquelgarciacoach.com\/en\/wp-json\/wp\/v2\/comments?post=151"}],"version-history":[{"count":54,"href":"https:\/\/raquelgarciacoach.com\/en\/wp-json\/wp\/v2\/pages\/151\/revisions"}],"predecessor-version":[{"id":1584,"href":"https:\/\/raquelgarciacoach.com\/en\/wp-json\/wp\/v2\/pages\/151\/revisions\/1584"}],"wp:attachment":[{"href":"https:\/\/raquelgarciacoach.com\/en\/wp-json\/wp\/v2\/media?parent=151"}],"curies":[{"name":"wp","href":"https:\/\/api.w.org\/{rel}","templated":true}]}}