{"id":702,"date":"2023-06-20T18:33:47","date_gmt":"2023-06-20T16:33:47","guid":{"rendered":"https:\/\/raquelgarciacoach.com\/?page_id=702"},"modified":"2026-04-07T16:26:37","modified_gmt":"2026-04-07T14:26:37","slug":"cursos-de-espanol-b1-c1","status":"publish","type":"page","link":"https:\/\/raquelgarciacoach.com\/en\/cursos-de-espanol-b1-c1\/","title":{"rendered":"My courses"},"content":{"rendered":"<h1 style=\"\"><b data-index-in-node=\"39\" data-path-to-node=\"18\">Cursos de espa\u00f1ol B1-C1.&nbsp;<\/b>Cultura, historias y lengua real<\/h1>\n<p style=\"\"><b data-index-in-node=\"0\" data-path-to-node=\"7,0\">Cursos de espa\u00f1ol B1-C1<\/b> dise\u00f1ados para quienes buscan superar el nivel intermedio de forma natural. En mis talleres y experiencias grupales exploramos la lengua a trav\u00e9s de la cultura viva y el poder de las historias. Un espacio para ganar fluidez real, sin presiones y en comunidad (incluyendo nuestro encuentro presencial en el club de conversaci\u00f3n en la Biblioteca de Zug).<\/p>\n<h1 style=\"text-align: center;\"><strong><span><\/span><\/strong>ABRIL. MES DE LA LITERATURA<\/h1>\n<p><span style=\"\"><a href=\"https:\/\/raquelgarciacoach.com\/wp-content\/uploads\/2026\/03\/ABRIL-2.png\" target=\"_blank\"><img decoding=\"async\" alt=\"\" data-id=\"1559\" width=\"303\" data-init-width=\"1080\" height=\"378\" data-init-height=\"1350\" title=\"ABRIL-2\" loading=\"lazy\" src=\"https:\/\/raquelgarciacoach.com\/wp-content\/uploads\/2026\/03\/ABRIL-2.png\" data-link-wrap=\"true\" data-width=\"303\" data-height=\"378\" style=\"aspect-ratio: auto 1080 \/ 1350;\" ml-d=\"-1.578125\" mt-d=\"0\"><\/a><\/span><\/p>\n<p style=\"\"><span style=\"font-weight: normal;\"><span style=\"text-decoration: none;\">La literatura como recurso para aprender la lengua espa\u00f1ola. Disfruta de las actividades que tenemos en el mes de abril relacionadas con la literatura:<\/span><\/span><\/p>\n<p style=\"\"><strong><span style=\"text-decoration: none;\">CLASE EN GRUPO (m\u00e1ximo 6 personas). TEMA: LIBROS Y LITERATURA<\/span><\/strong><\/p>\n<p style=\"\"><strong><span style=\"text-decoration: none;\"><\/span><\/strong><\/p>\n<p style=\"\"><span style=\"text-decoration: underline; font-size: 18px !important;\">SESI\u00d3N PRESENCIAL EN ZUG<\/span><span style=\"font-size: 18px !important;\"> <\/span><\/p>\n<p style=\"\"><span style=\"font-size: 18px !important;\"><\/span><span style=\"font-size: 16px !important;\">(Haus des Lernens, Sankt-Oswalds-Gasse 20, 6300 Zug)<\/span><\/p>\n<p style=\"\"><strong>Nivel intermedio<\/strong><\/p>\n<p style=\"\"><span style=\"font-size: 18px !important;\">28 de abril. 10.00 horas (75min).&nbsp;<\/span><\/p>\n<p style=\"\"><span style=\"font-size: 18px !important;\">Precio: 15 CHF<\/span><\/p>\n<p><span style=\"text-decoration: underline;\">SESI\u00d3N ONLINE<\/span><\/p>\n<p><strong>Nivel intermedio (B1-B1+)<\/strong><\/p>\n<p><span>23 de abril. 17.00 horas (60 min).&nbsp;<\/span><\/p>\n<p><span>Precio: 10 \u20ac<\/span><\/p>\n<p><span style=\"text-decoration: underline;\">SESI\u00d3N ONLINE<\/span><\/p>\n<p><strong>Nivel intermedio alto (B2-C1)<\/strong><\/p>\n<p><span>23 de abril. 18.00 horas (60 min).&nbsp;<\/span><\/p>\n<p><span>Precio: 10 \u20ac<\/span><\/p>\n<p><span><a href=\"https:\/\/raquelgarciacoach.com\/wp-content\/uploads\/2026\/03\/8-MUJERES-CON-HISTORIA-Logo-2.png\" target=\"_blank\"><img decoding=\"async\" alt=\"\" data-id=\"1563\" width=\"223\" data-init-width=\"2000\" height=\"223\" data-init-height=\"2000\" title=\"8 MUJERES CON HISTORIA (Logo)-2\" loading=\"lazy\" src=\"https:\/\/raquelgarciacoach.com\/wp-content\/uploads\/2026\/03\/8-MUJERES-CON-HISTORIA-Logo-2.png\" data-link-wrap=\"true\" data-width=\"223\" data-height=\"223\" style=\"aspect-ratio: auto 2000 \/ 2000;\"><\/a><\/span><\/p>\n<p><strong><span style=\"font-size: 19px !important;\">\u00bfQuieres aprender espa\u00f1ol con historias reales?&nbsp;<\/span><\/strong><\/p>\n<p><span style=\"font-size: 19px !important;\">En abril, el mes de la literatura, recibe <strong>gratis<\/strong> en tu email la historia de 4 escritoras de habla hispana que hicieron historia (audio + transcripci\u00f3n).<\/span><\/p>\n<h1 style=\"text-align: center;\"><strong><span><strong data-end=\"1227\" data-start=\"1192\">CLUB DE CONVERSACI\u00d3N EN ESPA\u00d1OL. TODOS LOS NIVELES.<\/strong><\/span><\/strong><\/h1>\n<p><span style=\"\"><a href=\"https:\/\/raquelgarciacoach.com\/wp-content\/uploads\/2025\/12\/CLUB-DE-CONVERSACION-2.png\" target=\"_blank\"><img decoding=\"async\" alt=\"SPANISCHUNTERRICHT IN ZUG\" data-id=\"1335\" width=\"303\" data-init-width=\"1080\" height=\"378\" data-init-height=\"1350\" title=\"CLUB DE CONVERSACI\u00d3N EN ESPA\u00d1OL\" loading=\"lazy\" src=\"https:\/\/raquelgarciacoach.com\/wp-content\/uploads\/2025\/12\/CLUB-DE-CONVERSACION-2.png\" data-link-wrap=\"true\" data-width=\"303\" data-height=\"378\" style=\"aspect-ratio: auto 1080 \/ 1350;\" ml-d=\"-1.578125\" mt-d=\"0\"><\/a><\/span><\/p>\n<p style=\"\"><span style=\"font-weight: normal;\"><span style=\"text-decoration: none;\">Este es un espacio abierto y gratuito para practicar espa\u00f1ol en un ambiente relajado y agradable. Todas las personas son bienvenidas, sin importar el nivel. \u00a1La idea es conversar, compartir y disfrutar aprendiendo juntos!<\/span><\/span><\/p>\n<p style=\"\"><span style=\"font-weight: normal;\"><span style=\"text-decoration: none;\"><span style=\"\">Nivel: <\/span>Todos los niveles<\/span><\/span><\/p>\n<p style=\"\"><span style=\"font-weight: normal;\"><span style=\"text-decoration: none;\">\ud83d\uddd3\ufe0f Fechas 2026:<\/span><\/span><\/p>\n<p style=\"\"><span style=\"font-weight: normal;\"><span style=\"text-decoration: none;\"><span style=\"\">27 de enero<\/span><\/span><\/span><\/p>\n<p style=\"\"><span style=\"font-weight: normal;\"><span style=\"text-decoration: none;\"><span style=\"\">24 de febrero<\/span><\/span><\/span><\/p>\n<p style=\"\"><span style=\"font-weight: normal;\"><span style=\"text-decoration: none;\"><span style=\"\">24 de marzo<\/span><\/span><\/span><\/p>\n<p style=\"\"><span style=\"font-weight: normal;\"><span style=\"text-decoration: none;\"><span style=\"\">5 de mayo<\/span><\/span><\/span><\/p>\n<p style=\"\"><span style=\"font-weight: normal;\"><span style=\"text-decoration: none;\"><span style=\"\">9 de junio<\/span><\/span><\/span><\/p>\n<p style=\"\"><span style=\"font-weight: normal;\"><span style=\"text-decoration: none;\">\u23f0 9.15 horas \u2013 duraci\u00f3n: 60 minutos<br data-start=\"899\" data-end=\"902\">PRECIO: Entrada gratuita. No es necesaria inscripci\u00f3n previa.<\/span><\/span><\/p>\n<p style=\"\"><span style=\"font-weight: normal;\"><span style=\"text-decoration: none;\">Lugar de encuentro: <\/span><\/span><a href=\"https:\/\/www.bibliothekzug.ch\/veranstaltungen#\/events\/435f3457-e913-47d4-a5fa-8574c6a26fea\" target=\"_blank\" style=\"outline: currentcolor;\" rel=\"noopener\"><span style=\"font-weight: normal;\"><span style=\"text-decoration: none;\">Zug Bibliothek<\/span><\/span><\/a><span style=\"font-weight: normal;\"><span style=\"text-decoration: none;\">. St.-Oswalds-Gasse 21. &nbsp;6301 Zug. Segunda planta.<\/span><\/span><\/p>\n<p style=\"\"><br data-start=\"911\" data-end=\"914\"><\/p>\n<h1 style=\"text-align: center;\"><strong><span><strong data-end=\"1227\" data-start=\"1192\"><span style=\"\">HISTORIAS PARA APRENDER Y CREAR EN ESPA\u00d1OL<\/span><\/strong><\/span><\/strong><\/h1>\n<h1 data-end=\"171\" data-start=\"107\" style=\"text-align: center;\"><span><span style=\"\"><strong data-end=\"486\" data-start=\"453\">Aprende espa\u00f1ol con historias y conecta con la lengua real<\/strong> en este curso online a tu ritmo para estudiantes de nivel intermedio (B1\u2013B2).<\/span><\/span><\/h1>\n<h1 style=\"text-align: center;\"><\/h1>\n<p><span style=\"\"><a href=\"https:\/\/raquelgarciacoach.com\/wp-content\/uploads\/2026\/04\/cursos-de-espanol-B1-C1.png\" target=\"_blank\"><img decoding=\"async\" alt=\"Cursos de espa\u00f1ol B1-C1\" data-id=\"1604\" width=\"287\" data-init-width=\"1080\" height=\"358\" data-init-height=\"1350\" title=\"cursos de espa\u00f1ol B1-C1\" loading=\"lazy\" src=\"https:\/\/raquelgarciacoach.com\/wp-content\/uploads\/2026\/04\/cursos-de-espanol-B1-C1.png\" data-link-wrap=\"true\" data-width=\"287\" data-height=\"358\" style=\"aspect-ratio: auto 1080 \/ 1350;\" ml-d=\"-1.578125\" mt-d=\"0\"><\/a><\/span><\/p>\n<h1 data-end=\"171\" data-start=\"107\"><span style=\"font-weight: normal;\"><span style=\"letter-spacing: 0px;\">A lo largo de 5 historias en lengua real, escuchar\u00e1s, leer\u00e1s y escribir\u00e1s para mejorar tu comprensi\u00f3n, vocabulario y fluidez, sin horarios ni fechas fijas.<\/span><\/span><\/h1>\n<h2 data-end=\"190\" data-start=\"173\"><span style=\"font-weight: normal;\"><span style=\"letter-spacing: 0px; font-size: 19px !important;\">Qu\u00e9 incluye el curso Historias para aprender y crear:<\/span><\/span><\/h2>\n<ul data-end=\"309\" data-start=\"191\">\n<li data-end=\"225\" data-start=\"191\" style=\"font-size: 19px !important;\">\n<h2><span style=\"font-size: 19px !important;\"><span style=\"font-weight: normal;\"><span style=\"letter-spacing: 0px;\">Escucha la historia en espa\u00f1ol<\/span><\/span><\/span><\/h2>\n<\/li>\n<li data-end=\"250\" data-start=\"226\" style=\"font-size: 19px !important;\">\n<h2><span style=\"font-size: 19px !important;\"><span><span style=\"font-weight: normal;\"><span style=\"letter-spacing: 0px;\">Lee la transcripci\u00f3n<\/span><\/span><\/span><\/span><\/h2>\n<\/li>\n<li data-end=\"279\" data-start=\"251\" style=\"font-size: 19px !important;\">\n<h2><span style=\"font-size: 19px !important;\"><span><span style=\"font-weight: normal;\"><span style=\"letter-spacing: 0px;\">Aprende vocabulario \u00fatil<\/span><\/span><\/span><\/span><\/h2>\n<\/li>\n<li data-end=\"309\" data-start=\"280\" style=\"font-size: 19px !important;\">\n<h2><span style=\"font-size: 19px !important;\"><span style=\"font-weight: normal;\"><span style=\"letter-spacing: 0px;\">Escribe sobre la historia (correcci\u00f3n incluida)<\/span><\/span><\/span><\/h2>\n<\/li>\n<\/ul>\n<h2 style=\"\">Un m\u00e9todo pensado para el cerebro: Aprender con Historias<\/h2>\n<p data-path-to-node=\"5\"><span style=\"font-size: 18px !important;\">\u00bfPor qu\u00e9 es dif\u00edcil hablar con fluidez y de manera natural? Porque a veces estudiamos listas de verbos o usamos un m\u00e9todo muy te\u00f3rico, eso hace que no podamos conectar con la lengua real, necesitamos usar nuestras emociones dentro de lo que aprendemos para que nuestro cerebro entienda y conecte de una manera m\u00e1s eficaz y natural. En mis <b data-index-in-node=\"101\" data-path-to-node=\"5\">cursos de espa\u00f1ol B1-C1<\/b>, usamos el poder de las historias.<\/span><\/p>\n<p data-path-to-node=\"6\"><span style=\"font-size: 18px !important;\">Cuando escuchas o lees una historia real, tu cerebro conecta con el idioma de forma diferente. No memorizas, sino que comprendes el espa\u00f1ol en su contexto. En nuestros talleres, usamos tradiciones, noticias y relatos para que practiques el&nbsp;<b data-index-in-node=\"240\" data-path-to-node=\"6\">lenguaje real<\/b>. Es un proceso natural, divertido y sin el estr\u00e9s de las clases tradicionales. Aqu\u00ed, el protagonista de la historia eres t\u00fa.<\/span><\/p>\n<p>  <span><a href=\"https:\/\/raquelgarciacoach.com\/wp-content\/uploads\/2025\/06\/NEWSLETTER.jpg\" target=\"_blank\"><img decoding=\"async\" alt=\"\" data-id=\"1200\" width=\"226\" data-init-width=\"1080\" height=\"283\" data-init-height=\"1350\" title=\"NEWSLETTER\" loading=\"lazy\" src=\"https:\/\/raquelgarciacoach.com\/wp-content\/uploads\/2025\/06\/NEWSLETTER.jpg\" data-link-wrap=\"true\" data-width=\"226\" data-height=\"283\" style=\"aspect-ratio: auto 1080 \/ 1350;\"><\/a><\/span><\/p>\n<p data-path-to-node=\"4,0\" style=\"text-align: center;\"><b data-index-in-node=\"0\" data-path-to-node=\"4,0\">De camino a Espa\u00f1a<span style=\"font-weight: normal;\"><br data-start=\"302\" data-end=\"305\">\u00bfSabes espa\u00f1ol pero te cuesta hablar?<br data-start=\"959\" data-end=\"962\">Cada dos semanas, un email con cultura y espa\u00f1ol real.<\/span><\/b><\/p>\n<p>__CONFIG_colors_palette__{&#8220;active_palette&#8221;:0,&#8221;config&#8221;:{&#8220;colors&#8221;:{&#8220;4d9a4&#8221;:{&#8220;name&#8221;:&#8221;Main Accent&#8221;,&#8221;parent&#8221;:-1},&#8221;77c5e&#8221;:{&#8220;name&#8221;:&#8221;Accent Low Opacity&#8221;,&#8221;parent&#8221;:&#8221;4d9a4&#8243;}},&#8221;gradients&#8221;:[]},&#8221;palettes&#8221;:[{&#8220;name&#8221;:&#8221;Default&#8221;,&#8221;value&#8221;:{&#8220;colors&#8221;:{&#8220;4d9a4&#8221;:{&#8220;val&#8221;:&#8221;var(&#8211;tcb-skin-color-0)&#8221;},&#8221;77c5e&#8221;:{&#8220;val&#8221;:&#8221;rgba(123, 209, 203, 0.5)&#8221;,&#8221;hsl_parent_dependency&#8221;:{&#8220;h&#8221;:176,&#8221;l&#8221;:0.65,&#8221;s&#8221;:0.48}}},&#8221;gradients&#8221;:[]},&#8221;original&#8221;:{&#8220;colors&#8221;:{&#8220;4d9a4&#8221;:{&#8220;val&#8221;:&#8221;rgb(47, 138, 229)&#8221;,&#8221;hsl&#8221;:{&#8220;h&#8221;:210,&#8221;s&#8221;:0.77,&#8221;l&#8221;:0.54,&#8221;a&#8221;:1}},&#8221;77c5e&#8221;:{&#8220;val&#8221;:&#8221;rgba(47, 138, 229, 0.5)&#8221;,&#8221;hsl_parent_dependency&#8221;:{&#8220;h&#8221;:210,&#8221;s&#8221;:0.77,&#8221;l&#8221;:0.54,&#8221;a&#8221;:0.5}}},&#8221;gradients&#8221;:[]}}]}__CONFIG_colors_palette__    Nombre*  Email*   Aviso legal   __CONFIG_colors_palette__{&#8220;active_palette&#8221;:0,&#8221;config&#8221;:{&#8220;colors&#8221;:{&#8220;30800&#8221;:{&#8220;name&#8221;:&#8221;Main Accent&#8221;,&#8221;parent&#8221;:-1},&#8221;f2bba&#8221;:{&#8220;name&#8221;:&#8221;Main Light 10&#8243;,&#8221;parent&#8221;:&#8221;30800&#8243;},&#8221;trewq&#8221;:{&#8220;name&#8221;:&#8221;Main Light 30&#8243;,&#8221;parent&#8221;:&#8221;30800&#8243;},&#8221;frty6&#8243;:{&#8220;name&#8221;:&#8221;Main Light 45&#8243;,&#8221;parent&#8221;:&#8221;30800&#8243;},&#8221;flktr&#8221;:{&#8220;name&#8221;:&#8221;Main Light 80&#8243;,&#8221;parent&#8221;:&#8221;30800&#8243;}},&#8221;gradients&#8221;:[]},&#8221;palettes&#8221;:[{&#8220;name&#8221;:&#8221;Default&#8221;,&#8221;value&#8221;:{&#8220;colors&#8221;:{&#8220;30800&#8221;:{&#8220;val&#8221;:&#8221;var(&#8211;tcb-local-color-4d9a4)&#8221;,&#8221;hsl&#8221;:{&#8220;h&#8221;:0,&#8221;s&#8221;:0,&#8221;l&#8221;:0,&#8221;a&#8221;:1}},&#8221;f2bba&#8221;:{&#8220;val&#8221;:&#8221;rgba(253, 59, 59, 0.1)&#8221;,&#8221;hsl_parent_dependency&#8221;:{&#8220;h&#8221;:0,&#8221;s&#8221;:0.9797979797979799,&#8221;l&#8221;:0.611764705882353,&#8221;a&#8221;:0.1}},&#8221;trewq&#8221;:{&#8220;val&#8221;:&#8221;rgba(253, 59, 59, 0.3)&#8221;,&#8221;hsl_parent_dependency&#8221;:{&#8220;h&#8221;:0,&#8221;s&#8221;:0.9797979797979799,&#8221;l&#8221;:0.611764705882353,&#8221;a&#8221;:0.3}},&#8221;frty6&#8243;:{&#8220;val&#8221;:&#8221;rgba(253, 59, 59, 0.45)&#8221;,&#8221;hsl_parent_dependency&#8221;:{&#8220;h&#8221;:0,&#8221;s&#8221;:0.9797979797979799,&#8221;l&#8221;:0.611764705882353,&#8221;a&#8221;:0.45}},&#8221;flktr&#8221;:{&#8220;val&#8221;:&#8221;rgba(253, 59, 59, 0.8)&#8221;,&#8221;hsl_parent_dependency&#8221;:{&#8220;h&#8221;:0,&#8221;s&#8221;:0.9797979797979799,&#8221;l&#8221;:0.611764705882353,&#8221;a&#8221;:0.8}}},&#8221;gradients&#8221;:[]},&#8221;original&#8221;:{&#8220;colors&#8221;:{&#8220;30800&#8221;:{&#8220;val&#8221;:&#8221;rgb(59, 136, 253)&#8221;,&#8221;hsl&#8221;:{&#8220;h&#8221;:216,&#8221;s&#8221;:0.98,&#8221;l&#8221;:0.61}},&#8221;f2bba&#8221;:{&#8220;val&#8221;:&#8221;rgba(59, 136, 253, 0.1)&#8221;,&#8221;hsl_parent_dependency&#8221;:{&#8220;h&#8221;:216,&#8221;s&#8221;:0.98,&#8221;l&#8221;:0.61,&#8221;a&#8221;:0.1}},&#8221;trewq&#8221;:{&#8220;val&#8221;:&#8221;rgba(59, 136, 253, 0.3)&#8221;,&#8221;hsl_parent_dependency&#8221;:{&#8220;h&#8221;:216,&#8221;s&#8221;:0.98,&#8221;l&#8221;:0.61,&#8221;a&#8221;:0.3}},&#8221;frty6&#8243;:{&#8220;val&#8221;:&#8221;rgba(59, 136, 253,ntttt0.45)&#8221;,&#8221;hsl_parent_dependency&#8221;:{&#8220;h&#8221;:216,&#8221;s&#8221;:0.98,&#8221;l&#8221;:0.61,&#8221;a&#8221;:0.45}},&#8221;flktr&#8221;:{&#8220;val&#8221;:&#8221;rgba(59, 136, 253, 0.8)&#8221;,&#8221;hsl_parent_dependency&#8221;:{&#8220;h&#8221;:216,&#8221;s&#8221;:0.98,&#8221;l&#8221;:0.61,&#8221;a&#8221;:0.8}}},&#8221;gradients&#8221;:[]}}]}__CONFIG_colors_palette__   <span style=\"\">  <\/span> <span> <span>&nbsp; Acepto recibir contenido de lengua y cultura cada dos semanas de acuerdo con la <\/span> <span data-attr-id=\"6\" data-extra_key=\"2\" data-option-inline=\"1\" data-shortcode=\"thrive_global_fields\" data-shortcode-name=\"[Legal] Privacy policy\" data-attr-static-link=\"{&quot;className&quot;:&quot;&quot;,&quot;href&quot;:&quot;https:\/\/raquelgarciacoach.com\/politica-de-privacidad&quot;,&quot;target&quot;:&quot;&quot;,&quot;class&quot;:&quot;&quot;}\"><a href=\"https:\/\/raquelgarciacoach.com\/politica-de-privacidad\" target=\"\">Pol\u00edtica de privacidad<\/a><\/span> <\/span>     __CONFIG_colors_palette__{&#8220;active_palette&#8221;:0,&#8221;config&#8221;:{&#8220;colors&#8221;:{&#8220;dffbe&#8221;:{&#8220;name&#8221;:&#8221;Main Accent&#8221;,&#8221;parent&#8221;:-1}},&#8221;gradients&#8221;:[]},&#8221;palettes&#8221;:[{&#8220;name&#8221;:&#8221;Default Palette&#8221;,&#8221;value&#8221;:{&#8220;colors&#8221;:{&#8220;dffbe&#8221;:{&#8220;val&#8221;:&#8221;var(&#8211;tcb-local-color-4d9a4)&#8221;}},&#8221;gradients&#8221;:[]},&#8221;original&#8221;:{&#8220;colors&#8221;:{&#8220;dffbe&#8221;:{&#8220;val&#8221;:&#8221;rgb(19, 114, 211)&#8221;,&#8221;hsl&#8221;:{&#8220;h&#8221;:210,&#8221;s&#8221;:0.83,&#8221;l&#8221;:0.45}}},&#8221;gradients&#8221;:[]}}]}__CONFIG_colors_palette__ <a href=\"#\" style=\"\"> <span><span style=\"color: var(--tcb-skin-color-4) !important; --tcb-applied-color: var$(--tcb-skin-color-4) !important;\">Quiero descubrir el espa\u00f1ol real<\/span><\/span> <\/a>         <\/p>\n","protected":false},"excerpt":{"rendered":"<p>Cursos de espa\u00f1ol B1-C1.&nbsp;Cultura, historias y lengua real Cursos de espa\u00f1ol B1-C1 dise\u00f1ados para quienes buscan superar el nivel intermedio de forma natural. En mis talleres y experiencias grupales exploramos la lengua a trav\u00e9s de la cultura viva y el poder de las historias. Un espacio para ganar fluidez real, sin presiones y en comunidad [&hellip;]<\/p>\n","protected":false},"author":14,"featured_media":0,"parent":0,"menu_order":0,"comment_status":"closed","ping_status":"closed","template":"","meta":{"footnotes":""},"class_list":["post-702","page","type-page","status-publish","hentry","post-wrapper","thrv_wrapper"],"_links":{"self":[{"href":"https:\/\/raquelgarciacoach.com\/en\/wp-json\/wp\/v2\/pages\/702","targetHints":{"allow":["GET"]}}],"collection":[{"href":"https:\/\/raquelgarciacoach.com\/en\/wp-json\/wp\/v2\/pages"}],"about":[{"href":"https:\/\/raquelgarciacoach.com\/en\/wp-json\/wp\/v2\/types\/page"}],"author":[{"embeddable":true,"href":"https:\/\/raquelgarciacoach.com\/en\/wp-json\/wp\/v2\/users\/14"}],"replies":[{"embeddable":true,"href":"https:\/\/raquelgarciacoach.com\/en\/wp-json\/wp\/v2\/comments?post=702"}],"version-history":[{"count":204,"href":"https:\/\/raquelgarciacoach.com\/en\/wp-json\/wp\/v2\/pages\/702\/revisions"}],"predecessor-version":[{"id":1646,"href":"https:\/\/raquelgarciacoach.com\/en\/wp-json\/wp\/v2\/pages\/702\/revisions\/1646"}],"wp:attachment":[{"href":"https:\/\/raquelgarciacoach.com\/en\/wp-json\/wp\/v2\/media?parent=702"}],"curies":[{"name":"wp","href":"https:\/\/api.w.org\/{rel}","templated":true}]}}