{"id":140,"date":"2021-09-29T20:45:54","date_gmt":"2021-09-29T18:45:54","guid":{"rendered":"https:\/\/raquelgarciacoach.com\/?page_id=140"},"modified":"2026-03-14T16:45:04","modified_gmt":"2026-03-14T15:45:04","slug":"regalo-para-aprender-espanol","status":"publish","type":"page","link":"https:\/\/raquelgarciacoach.com\/es\/regalo-para-aprender-espanol\/","title":{"rendered":"Regalo"},"content":{"rendered":"<h1 style=\"\"><b data-index-in-node=\"0\" data-path-to-node=\"3,0\">\u00bfPor qu\u00e9 no era un d\u00eda cualquiera?<\/b>&nbsp;<\/h1>\n<h1 style=\"\"><span style=\"font-weight: normal;\">Descarga gratis esta historia de ficci\u00f3n con <\/span><span style=\"font-weight: normal;\">audio, &nbsp;transcripci\u00f3n y vocabulario para nivel intermedio.<\/span><\/h1>\n<h2>3 beneficios de aprender con esta historia:<\/h2>\n<p data-path-to-node=\"5,0,0\"><b data-index-in-node=\"0\" data-path-to-node=\"5,0,0\"><b data-index-in-node=\"0\" data-path-to-node=\"5,0,0\"><b data-index-in-node=\"0\" data-path-to-node=\"8,0,0\">Entrena tu o\u00eddo:<\/b>&nbsp;escucha espa\u00f1ol natural narrado de forma clara.<\/b><\/b><\/p>\n<h6><strong><strong data-end=\"442\" data-start=\"428\"><b data-index-in-node=\"0\" data-path-to-node=\"5,1,0\"><b data-index-in-node=\"0\" data-path-to-node=\"8,1,0\">Vocabulario real:<\/b> aprende en contexto frases y expresiones que usamos los nativos cada d\u00eda.<\/b><\/strong><\/strong><\/h6>\n<h6 style=\"\"><strong data-end=\"507\" data-start=\"492\"><b data-index-in-node=\"0\" data-path-to-node=\"5,2,0\"><b data-index-in-node=\"0\" data-path-to-node=\"8,2,0\">Todo incluido:<\/b>&nbsp;recibe el audio, la transcripci\u00f3n y actividades para practicar.<\/b><\/strong><\/h6>\n<h2 style=\"\">Soy Raquel, Spanish Neurolanguage Coach\u00ae.<\/h2>\n<p data-path-to-node=\"4\">Ayudo a estudiantes de todo el mundo a aprender espa\u00f1ol de forma&nbsp;<b data-index-in-node=\"65\" data-path-to-node=\"4\">eficiente y real<\/b>.<\/p>\n<p data-path-to-node=\"5\">Creo en el poder de las&nbsp;<b data-index-in-node=\"24\" data-path-to-node=\"5\">historias<\/b>&nbsp;y la neurociencia para que aprendas con confianza, autonom\u00eda y sin aburrirte. He creado&nbsp;<b data-index-in-node=\"122\" data-path-to-node=\"5\">\u00abNo era un d\u00eda cualquiera\u00bb<\/b> para que empieces a vivir el idioma desde hoy mismo.<\/p>\n<h3 style=\"text-align: center;\">Introduce tu email para recibir la historia:<\/h3>\n<p style=\"\"><span style=\"font-weight: normal;\"><span data-attr-id=\"1\" data-extra_key=\"1\" data-option-inline=\"1\" data-shortcode=\"thrive_global_fields\" data-shortcode-name=\"[Company] Nombre y Apellido\">Raquel Garc\u00eda<\/span> te informa que los datos de car\u00e1cter personal que nos proporciones ser\u00e1n tratados por <span data-attr-id=\"1\" data-extra_key=\"1\" data-option-inline=\"1\" data-shortcode=\"thrive_global_fields\" data-shortcode-name=\"[Company] Nombre y Apellido\">Raquel Garc\u00eda<\/span> como <u>responsable<\/u>&nbsp;de esta web. La finalidad es para enviarte mis publicaciones as\u00ed como correos comerciales. La&nbsp;<u>legitimaci\u00f3n<\/u> es gracias a tu consentimiento. Los datos que facilitas estar\u00e1n ubicados en los servidores de mi plataforma de <u>email marketing<\/u> Brevo mediante su empresa Brevo, ubicada en Francia (ver <u><span><a href=\"https:\/\/brevo.com\/es\/legal\/termsofuse\/\" rel=\"nofollow noopener\" style=\"outline: none;\" target=\"_blank\">condiciones de uso de Brevo<\/a><\/span>)<\/u>. Puedes ejercer tus&nbsp;<u>derechos<\/u> de acceso, rectificaci\u00f3n, limitaci\u00f3n o suprimir tus datos escribiendo a <span data-attr-id=\"5\" data-extra_key=\"1\" data-option-inline=\"1\" data-shortcode=\"thrive_global_fields\" data-shortcode-name=\"[Company] Email\">info@raquelgarciacoach.com<\/span><\/span><\/p>\n","protected":false},"excerpt":{"rendered":"<p>\u00bfPor qu\u00e9 no era un d\u00eda cualquiera?&nbsp; Descarga gratis esta historia de ficci\u00f3n con audio, &nbsp;transcripci\u00f3n y vocabulario para nivel intermedio. 3 beneficios de aprender con esta historia: Entrena tu o\u00eddo:&nbsp;escucha espa\u00f1ol natural narrado de forma clara. Vocabulario real: aprende en contexto frases y expresiones que usamos los nativos cada d\u00eda. Todo incluido:&nbsp;recibe el audio, [&hellip;]<\/p>\n","protected":false},"author":14,"featured_media":0,"parent":0,"menu_order":0,"comment_status":"closed","ping_status":"closed","template":"","meta":{"footnotes":""},"class_list":["post-140","page","type-page","status-publish","hentry","post-wrapper","thrv_wrapper"],"_links":{"self":[{"href":"https:\/\/raquelgarciacoach.com\/es\/wp-json\/wp\/v2\/pages\/140","targetHints":{"allow":["GET"]}}],"collection":[{"href":"https:\/\/raquelgarciacoach.com\/es\/wp-json\/wp\/v2\/pages"}],"about":[{"href":"https:\/\/raquelgarciacoach.com\/es\/wp-json\/wp\/v2\/types\/page"}],"author":[{"embeddable":true,"href":"https:\/\/raquelgarciacoach.com\/es\/wp-json\/wp\/v2\/users\/14"}],"replies":[{"embeddable":true,"href":"https:\/\/raquelgarciacoach.com\/es\/wp-json\/wp\/v2\/comments?post=140"}],"version-history":[{"count":36,"href":"https:\/\/raquelgarciacoach.com\/es\/wp-json\/wp\/v2\/pages\/140\/revisions"}],"predecessor-version":[{"id":1482,"href":"https:\/\/raquelgarciacoach.com\/es\/wp-json\/wp\/v2\/pages\/140\/revisions\/1482"}],"wp:attachment":[{"href":"https:\/\/raquelgarciacoach.com\/es\/wp-json\/wp\/v2\/media?parent=140"}],"curies":[{"name":"wp","href":"https:\/\/api.w.org\/{rel}","templated":true}]}}